{"id":468,"date":"2023-02-03T11:53:03","date_gmt":"2023-02-03T11:53:03","guid":{"rendered":"https:\/\/istlogistic.com\/?page_id=468"},"modified":"2023-02-03T11:53:10","modified_gmt":"2023-02-03T11:53:10","slug":"politica-de-cookies","status":"publish","type":"page","link":"https:\/\/istlogistic.com\/index.php\/politica-de-cookies\/","title":{"rendered":"Pol\u00edtica de Cookies"},"content":{"rendered":"\n<ul class=\"wp-block-list\" id=\"top-menu\">\n<li><a href=\"https:\/\/newcastelar.com\/\"><br>Inicio<\/a><\/li>\n\n\n\n<li><a>Nuestro Centro<\/a>\n<ul class=\"wp-block-list\">\n<li><a href=\"https:\/\/newcastelar.com\/bienvenida\/\"><\/a><\/li>\n\n\n\n<li><a href=\"https:\/\/newcastelar.com\/rasgo-diferenciador\/\"><\/a><\/li>\n\n\n\n<li><a href=\"https:\/\/newcastelar.com\/admision\/\"><\/a><\/li>\n<\/ul>\n<\/li>\n\n\n\n<li><a>Con\u00f3cenos<\/a>\n<ul class=\"wp-block-list\">\n<li><a href=\"https:\/\/newcastelar.com\/perfil-del-graduado\/\"><\/a><\/li>\n\n\n\n<li><a href=\"https:\/\/newcastelar.com\/mision-y-filosofia\/\"><\/a><\/li>\n\n\n\n<li><a href=\"https:\/\/newcastelar.com\/school-leadership\/\"><\/a><\/li>\n\n\n\n<li><a href=\"https:\/\/newcastelar.com\/servicios\/\"><\/a>\n<ul class=\"wp-block-list\">\n<li><a href=\"https:\/\/newcastelar.com\/esemtia-2\/\"><\/a><\/li>\n<\/ul>\n<\/li>\n\n\n\n<li><a href=\"https:\/\/newcastelar.com\/instalaciones-2\/\"><\/a><\/li>\n<\/ul>\n<\/li>\n\n\n\n<li><a>Etapas Educativas<\/a>\n<ul class=\"wp-block-list\">\n<li><a href=\"https:\/\/newcastelar.com\/educacion-infantil-2\/\"><\/a><\/li>\n\n\n\n<li><a href=\"https:\/\/newcastelar.com\/educacion-primaria\/\"><\/a><\/li>\n\n\n\n<li><a href=\"https:\/\/newcastelar.com\/educacion-secundaria\/\"><\/a><\/li>\n\n\n\n<li><a href=\"https:\/\/newcastelar.com\/bachillerato\/\"><\/a><\/li>\n\n\n\n<li><a href=\"https:\/\/newcastelar.com\/felicidad-y-desarrollo-personal\/\"><\/a><\/li>\n<\/ul>\n<\/li>\n\n\n\n<li><a href=\"https:\/\/newcastelar.com\/elite-sport\/\">Elite Sport<\/a><\/li>\n\n\n\n<li><a href=\"https:\/\/fpdualnewcastelar.com\/\">FP Dual<\/a><\/li>\n\n\n\n<li><a>Noticias<\/a>\n<ul class=\"wp-block-list\">\n<li><a href=\"https:\/\/newcastelar.com\/blog\/\"><\/a><\/li>\n\n\n\n<li><a href=\"https:\/\/newcastelar.com\/videos\/\"><\/a><\/li>\n<\/ul>\n<\/li>\n\n\n\n<li><a>Mastersclasses<\/a>\n<ul class=\"wp-block-list\">\n<li><a href=\"https:\/\/newcastelar.com\/luis-galindo\/\"><\/a><\/li>\n\n\n\n<li><a href=\"https:\/\/newcastelar.com\/irene-villa-2\/\"><\/a><\/li>\n\n\n\n<li><a href=\"https:\/\/newcastelar.com\/irene-villa\/\"><\/a><\/li>\n\n\n\n<li><a href=\"https:\/\/newcastelar.com\/cesar-bona\/\"><\/a><\/li>\n\n\n\n<li><a href=\"https:\/\/newcastelar.com\/javier-urra\/\"><\/a><\/li>\n\n\n\n<li><a href=\"https:\/\/newcastelar.com\/marcus-walz-y-maialen-chourraut\/\"><\/a><\/li>\n\n\n\n<li><a href=\"https:\/\/newcastelar.com\/rocio-ramos-supernanny\/\"><\/a><\/li>\n<\/ul>\n<\/li>\n\n\n\n<li><a href=\"https:\/\/newcastelar.com\/contactaconnosotros\/\">Contacto<\/a><\/li>\n<\/ul>\n\n\n\n<h1 class=\"wp-block-heading\">Pol\u00edtica de Cookies<\/h1>\n\n\n\n<p>Utilizamos cookies propias y de terceros para mejorar nuestros servicios y mostrarle publicidad relacionada con sus preferencias mediante el an\u00e1lisis de sus h\u00e1bitos de navegaci\u00f3n. Si contin\u00faa navegando, consideramos que acepta su uso.<\/p>\n\n\n\n<p><strong>Pol\u00edtica de Cookies<\/strong><strong><\/strong><\/p>\n\n\n\n<p>Definici\u00f3n y funci\u00f3n de las cookies<\/p>\n\n\n\n<p><strong>\u00bfQu\u00e9 es una cookie?<\/strong><strong><\/strong><\/p>\n\n\n\n<p>Una cookie es un peque\u00f1o archivo de texto que se almacena en su ordenador \/ tel\u00e9fono inteligente \/ tableta cuando se accede a las p\u00e1ginas web.&nbsp;Las cookies permiten que un sitio web, entre otras cosas, para almacenar y recuperar informaci\u00f3n acerca de los h\u00e1bitos de navegaci\u00f3n de un usuario o de su equipo y, dependiendo de la informaci\u00f3n que contiene y el modo de usar el ordenador, se puede utilizar para reconocer al usuario.<\/p>\n\n\n\n<p><strong>\u00bfQu\u00e9 tipos de cookies se utilizan en este sitio web?<\/strong><strong><\/strong><\/p>\n\n\n\n<p>Galletas t\u00e9cnicas: Estos son creados y administrados exclusivamente por nosotros, y permitir al usuario navegar a trav\u00e9s de nuestro sitio web y utilizar las distintas opciones, por ejemplo, identificar la sesi\u00f3n, informaci\u00f3n personalizada o el acceso a las \u00e1reas restringidas.<\/p>\n\n\n\n<p>Galletas anal\u00edticas: Aquellos que, ya sea por nosotros mismos o por un tercero, cuantificar el n\u00famero de usuarios y por lo tanto miden para el an\u00e1lisis estad\u00edstico de c\u00f3mo los usuarios utilizan el servicio ofrecido.&nbsp;Analizamos la navegaci\u00f3n en nuestro sitio web para mejorar la experiencia del usuario.<\/p>\n\n\n\n<p>New Castelar College S.L.. no tiene cookies de publicidad de terceros.<\/p>\n\n\n\n<p><strong>\u00bfC\u00f3mo desactivar las cookies?<\/strong><strong><\/strong><\/p>\n\n\n\n<p>Puede permitir, bloquear o eliminar las cookies en su ordenador configurando las opciones del navegador.<\/p>\n\n\n\n<ul class=\"wp-block-list\">\n<li>Para obtener m\u00e1s informaci\u00f3n sobre Google Chrome \u2013&nbsp;<a href=\"https:\/\/support.google.com\/chrome\/answer\/95647?hl=es\" target=\"_blank\" rel=\"noreferrer noopener\"><strong>haga clic aqu\u00ed<\/strong><\/a><\/li>\n\n\n\n<li>Para obtener m\u00e1s informaci\u00f3n acerca de Firefox \u2013&nbsp;<a href=\"https:\/\/support.mozilla.org\/es\/kb\/Borrar%20cookies\" target=\"_blank\" rel=\"noreferrer noopener\"><strong>haga clic aqu\u00ed<\/strong><\/a><\/li>\n\n\n\n<li>Para obtener m\u00e1s informaci\u00f3n acerca de Opera \u2013&nbsp;&nbsp;<a href=\"http:\/\/help.opera.com\/Linux\/10.60\/es-ES\/cookies.html\" target=\"_blank\" rel=\"noreferrer noopener\"><strong>haga clic aqu\u00ed<\/strong><\/a><\/li>\n\n\n\n<li>Para obtener m\u00e1s informaci\u00f3n acerca de Internet Explorer \u2013&nbsp;<a href=\"http:\/\/windows.microsoft.com\/es-es\/windows7\/how-to-manage-cookies-in-internet-explorer-9\" target=\"_blank\" rel=\"noreferrer noopener\"><strong>haga clic aqu\u00ed<\/strong><\/a><\/li>\n\n\n\n<li>Para obtener m\u00e1s informaci\u00f3n sobre Safari \u2013&nbsp;<a href=\"http:\/\/support.apple.com\/kb\/ht1677?viewlocale=es_ES\" target=\"_blank\" rel=\"noreferrer noopener\"><strong>haga clic aqu\u00ed<\/strong><\/a><\/li>\n<\/ul>\n\n\n\n<p>La informaci\u00f3n almacenada en las cookies de nuestro sitio web se utiliza exclusivamente por nosotros para fines estad\u00edsticos, a excepci\u00f3n de los de Google Analytics, que tambi\u00e9n se utiliza y est\u00e1 gestionado por Google.<\/p>\n\n\n\n<p>Si tiene alguna pregunta sobre esta pol\u00edtica de cookies, puede comprobar nuestra&nbsp;<strong>pol\u00edtica de privacidad<\/strong><\/p>\n","protected":false},"excerpt":{"rendered":"<p>Pol\u00edtica de Cookies Utilizamos cookies propias y de terceros para mejorar nuestros servicios y mostrarle publicidad relacionada con sus preferencias mediante el an\u00e1lisis de sus h\u00e1bitos de navegaci\u00f3n. Si contin\u00faa navegando, consideramos que acepta su uso. Pol\u00edtica de Cookies Definici\u00f3n y funci\u00f3n de las cookies \u00bfQu\u00e9 es una cookie? Una cookie es un peque\u00f1o archivo [&hellip;]<\/p>\n","protected":false},"author":1,"featured_media":0,"parent":0,"menu_order":0,"comment_status":"closed","ping_status":"closed","template":"","meta":{"_et_pb_use_builder":"off","_et_pb_old_content":"","_et_gb_content_width":"","footnotes":""},"class_list":["post-468","page","type-page","status-publish","hentry"],"_links":{"self":[{"href":"https:\/\/istlogistic.com\/index.php\/wp-json\/wp\/v2\/pages\/468","targetHints":{"allow":["GET"]}}],"collection":[{"href":"https:\/\/istlogistic.com\/index.php\/wp-json\/wp\/v2\/pages"}],"about":[{"href":"https:\/\/istlogistic.com\/index.php\/wp-json\/wp\/v2\/types\/page"}],"author":[{"embeddable":true,"href":"https:\/\/istlogistic.com\/index.php\/wp-json\/wp\/v2\/users\/1"}],"replies":[{"embeddable":true,"href":"https:\/\/istlogistic.com\/index.php\/wp-json\/wp\/v2\/comments?post=468"}],"version-history":[{"count":3,"href":"https:\/\/istlogistic.com\/index.php\/wp-json\/wp\/v2\/pages\/468\/revisions"}],"predecessor-version":[{"id":585,"href":"https:\/\/istlogistic.com\/index.php\/wp-json\/wp\/v2\/pages\/468\/revisions\/585"}],"wp:attachment":[{"href":"https:\/\/istlogistic.com\/index.php\/wp-json\/wp\/v2\/media?parent=468"}],"curies":[{"name":"wp","href":"https:\/\/api.w.org\/{rel}","templated":true}]}}